{"id":13712,"date":"2017-10-03T17:35:52","date_gmt":"2017-10-03T16:35:52","guid":{"rendered":"https:\/\/royalmountlimousine.com\/?page_id=13712"},"modified":"2024-05-16T12:54:54","modified_gmt":"2024-05-16T11:54:54","slug":"tarifs-limousine-montreal","status":"publish","type":"page","link":"https:\/\/royalmountlimousine.com\/fr\/tarifs-limousine-montreal\/","title":{"rendered":"Nos tarifs"},"content":{"rendered":"<div class=\"wpb-content-wrapper\"><p>[vc_row css=&#8221;.vc_custom_1498849689180{margin-top: 0px !important;margin-bottom: 0px !important;border-top-width: 0px !important;border-bottom-width: 0px !important;padding-top: 50px !important;padding-bottom: 100px !important;}&#8221;][vc_column][vc_row_inner][vc_column_inner][vc_column_text]<\/p>\n<div class=\"text-center\"><!-- \/.pricing title --><\/p>\n<h2 style=\"text-align: center;\"><b>TARIFS UNIQUES<\/b> , <b>INVARIABLES<\/b> &amp; <b>TRANSPARENTS<\/b><\/h2>\n<h3 style=\"text-align: center;\">Tarifs limousine \u00e0 Montr\u00e9al<\/h3>\n<div class=\"title-line\" style=\"text-align: center;\"><\/div>\n<\/div>\n<p>[\/vc_column_text][\/vc_column_inner][\/vc_row_inner][vc_row_inner el_class=&#8221;container&#8221; css=&#8221;.vc_custom_1498921400414{margin-top: 0px !important;margin-bottom: 0px !important;border-top-width: 0px !important;border-bottom-width: 0px !important;padding-top: 0px !important;padding-bottom: 0px !important;}&#8221; el_id=&#8221;phenix-tarifs&#8221;][vc_column_inner]        <!-- \/.package section -->\n        <div class=\"clear\"><\/div>\n        <div id=\"package\" class=\"clearfix\">\n\n            <div class=\"row package-option\">\n                                    <div class=\"col-sm-3\">\n                        <div class=\"price-box wow fadeInUp\">\n                            <div class=\"price-heading text-center\">\n\n                                <!-- \/.package icon -->\n                                <i class=\"pe-7s-way pe-5x\"><\/i>\n\n                                <!-- \/.package name -->\n                                <h3>\n                                    Montreal &#8211; YUL Airport                                <\/h3>\n                            <\/div>\n\n                            <!-- \/.price -->\n                            <div class=\"price-group text-center\">\n                                <span class=\"dollar\">$ CAD<\/span>\n                                <span class=\"price\">110<\/span>\n                            <\/div>\n\n                            <!-- \/.package features -->\n                            <ul class=\"price-feature text-center\">\n                                <li>From<\/li><li>All tolls & taxes included<\/li><li>Door To Door <\/li><li>This transfer will earn you 550 points<\/li>\t\t\t\t  \n                            <\/ul>\n\n                            <!-- \/.package button -->\n                            <div class=\"price-footer text-center\">\n                                <a class=\"btn btn-price\" onclick=\"use_this_offer(14341)\">\n                                    Book Now                                <\/a>\n                            <\/div>\t\n                        <\/div>\n                    <\/div>\n                                    <div class=\"col-sm-3\">\n                        <div class=\"price-box wow fadeInUp\">\n                            <div class=\"price-heading text-center\">\n\n                                <!-- \/.package icon -->\n                                <i class=\"pe-7s-way pe-5x\"><\/i>\n\n                                <!-- \/.package name -->\n                                <h3>\n                                    Montreal  &#8211; New York City                                <\/h3>\n                            <\/div>\n\n                            <!-- \/.price -->\n                            <div class=\"price-group text-center\">\n                                <span class=\"dollar\">$ CAD<\/span>\n                                <span class=\"price\">1950<\/span>\n                            <\/div>\n\n                            <!-- \/.package features -->\n                            <ul class=\"price-feature text-center\">\n                                <li>From<\/li><li>All tolls & taxes included <\/li><li>Door To Door<\/li><li> This transfer will earn you 8750 points <\/li><li> <\/li>\t\t\t\t  \n                            <\/ul>\n\n                            <!-- \/.package button -->\n                            <div class=\"price-footer text-center\">\n                                <a class=\"btn btn-price\" onclick=\"use_this_offer(13170)\">\n                                    Book Now                                <\/a>\n                            <\/div>\t\n                        <\/div>\n                    <\/div>\n                                    <div class=\"col-sm-3\">\n                        <div class=\"price-box wow fadeInUp\">\n                            <div class=\"price-heading text-center\">\n\n                                <!-- \/.package icon -->\n                                <i class=\"pe-7s-way pe-5x\"><\/i>\n\n                                <!-- \/.package name -->\n                                <h3>\n                                    Montreal  &#8211; Toronto city                                <\/h3>\n                            <\/div>\n\n                            <!-- \/.price -->\n                            <div class=\"price-group text-center\">\n                                <span class=\"dollar\">$ CAD<\/span>\n                                <span class=\"price\">1850<\/span>\n                            <\/div>\n\n                            <!-- \/.package features -->\n                            <ul class=\"price-feature text-center\">\n                                <li>From<\/li><li>All tolls & taxes included<\/li><li>Door To Door<\/li><li> This transfer will earn you 8750 points <\/li><li> <\/li>\t\t\t\t  \n                            <\/ul>\n\n                            <!-- \/.package button -->\n                            <div class=\"price-footer text-center\">\n                                <a class=\"btn btn-price\" onclick=\"use_this_offer(13169)\">\n                                    Book Now                                <\/a>\n                            <\/div>\t\n                        <\/div>\n                    <\/div>\n                                    <div class=\"col-sm-3\">\n                        <div class=\"price-box wow fadeInUp\">\n                            <div class=\"price-heading text-center\">\n\n                                <!-- \/.package icon -->\n                                <i class=\"pe-7s-way pe-5x\"><\/i>\n\n                                <!-- \/.package name -->\n                                <h3>\n                                    Montreal &#8211; Sherbrooke city                                <\/h3>\n                            <\/div>\n\n                            <!-- \/.price -->\n                            <div class=\"price-group text-center\">\n                                <span class=\"dollar\">$ CAD<\/span>\n                                <span class=\"price\">545<\/span>\n                            <\/div>\n\n                            <!-- \/.package features -->\n                            <ul class=\"price-feature text-center\">\n                                <li>From<\/li><li>All tolls & taxes included<\/li><li>Door To Door<\/li><li> This transfer will earn you 2725 points <\/li><li>  <\/li>\t\t\t\t  \n                            <\/ul>\n\n                            <!-- \/.package button -->\n                            <div class=\"price-footer text-center\">\n                                <a class=\"btn btn-price\" onclick=\"use_this_offer(12643)\">\n                                    Book Now                                <\/a>\n                            <\/div>\t\n                        <\/div>\n                    <\/div>\n                            <\/div>\n\n        <\/div>\n\n        [\/vc_column_inner][\/vc_row_inner][\/vc_column][\/vc_row][vc_row][vc_column][vc_row_inner el_class=&#8221;container&#8221;][vc_column_inner][vc_column_text]<\/p>\n<h2 style=\"text-align: center;\"><strong>D\u00e9couvrez les Tarifs de Limousine \u00e0 Montr\u00e9al avec Royal Mount Limousine | Tarifs limousine Montr\u00e9al<\/strong><\/h2>\n<p style=\"text-align: center;\">\u00c0 la recherche d&#8217;un service de limousine haut de gamme \u00e0 Montr\u00e9al? Ne cherchez pas plus loin que Royal Mount Limousine. Nous sommes fiers de proposer des tarifs comp\u00e9titifs pour des services de transport de luxe qui surpassent toutes vos attentes.<\/p>\n<p>[\/vc_column_text][\/vc_column_inner][\/vc_row_inner][vc_row_inner el_class=&#8221;container&#8221;][vc_column_inner width=&#8221;1\/4&#8243;][vc_column_text]<\/p>\n<h3><strong>1. Transparence des Prix<\/strong><\/h3>\n<p>Chez Royal Mount Limousine, nous croyons en la transparence des prix. Nos tarifs de limousine \u00e0 Montr\u00e9al sont clairs, sans frais cach\u00e9s ni surprises de derni\u00e8re minute. Lorsque vous r\u00e9servez avec nous, vous savez exactement ce que vous payez, ce qui vous permet de planifier votre budget en toute confiance.[\/vc_column_text][\/vc_column_inner][vc_column_inner width=&#8221;1\/4&#8243;][vc_column_text]<\/p>\n<h3><strong>2. Options de Tarification Flexibles<\/strong><\/h3>\n<p>Nous comprenons que chaque client a des besoins et des pr\u00e9f\u00e9rences uniques en mati\u00e8re de transport. C&#8217;est pourquoi nous proposons une gamme d&#8217;options de tarification flexibles pour r\u00e9pondre \u00e0 vos besoins sp\u00e9cifiques. Que vous ayez besoin d&#8217;un service de transfert a\u00e9roportuaire, d&#8217;une location \u00e0 l&#8217;heure ou d&#8217;un forfait personnalis\u00e9 pour un \u00e9v\u00e9nement sp\u00e9cial, nous avons la solution parfaite pour vous.<\/p>\n<p><a href=\"https:\/\/royalmountlimousine.com\/fr\"><strong><em>Tarif limousine Montr\u00e9al<\/em><\/strong><\/a>[\/vc_column_text][\/vc_column_inner][vc_column_inner width=&#8221;1\/4&#8243;][vc_column_text]<\/p>\n<h3><strong>3. Service de Qualit\u00e9 Sup\u00e9rieure<\/strong><\/h3>\n<p>Malgr\u00e9 nos tarifs comp\u00e9titifs, nous ne compromettons jamais la qualit\u00e9 de notre service. Chez Royal Mount Limousine, nous nous engageons \u00e0 offrir \u00e0 chaque client une exp\u00e9rience de transport exceptionnelle, de l&#8217;accueil chaleureux de notre chauffeur professionnel \u00e0 l&#8217;arriv\u00e9e \u00e0 votre destination. Vous m\u00e9ritez le meilleur, et c&#8217;est exactement ce que nous nous effor\u00e7ons de vous offrir \u00e0 chaque voyage.[\/vc_column_text][\/vc_column_inner][vc_column_inner width=&#8221;1\/4&#8243;][vc_column_text]<\/p>\n<h3><strong>4. Options de Flotte de Luxe<\/strong><\/h3>\n<p>Notre flotte de v\u00e9hicules de luxe est con\u00e7ue pour r\u00e9pondre \u00e0 vos besoins les plus exigeants en mati\u00e8re de transport. Des limousines classiques aux SUV de luxe, chaque v\u00e9hicule est m\u00e9ticuleusement entretenu pour garantir votre confort et votre s\u00e9curit\u00e9 \u00e0 tout moment. Peu importe l&#8217;occasion, nous avons le v\u00e9hicule parfait pour vous accompagner avec style dans les rues de Montr\u00e9al.[\/vc_column_text][\/vc_column_inner][\/vc_row_inner][\/vc_column][\/vc_row][vc_row content_placement=&#8221;middle&#8221; css=&#8221;.vc_custom_1681328090394{margin-top: 0px !important;margin-bottom: 0px !important;border-top-width: 0px !important;border-bottom-width: 0px !important;padding-top: 100px !important;padding-bottom: 100px !important;background-image: url(https:\/\/royalmountlimousine.com\/wp-content\/uploads\/2023\/04\/Poignee-Voiture-Page-Reservations-scaled.jpg?id=12443) !important;background-position: center !important;background-repeat: no-repeat !important;background-size: cover !important;}&#8221; font_color=&#8221;#ffffff&#8221;][vc_column][vc_row_inner][vc_column_inner width=&#8221;1\/6&#8243;][\/vc_column_inner][vc_column_inner width=&#8221;2\/3&#8243;][vc_custom_heading text=&#8221;<b>NEED MORE INFORMATION?<\/b>&#8221; font_container=&#8221;tag:h2|text_align:center|color:%23ffffff&#8221; use_theme_fonts=&#8221;yes&#8221;][vc_custom_heading text=&#8221;Make a reservation for your Airport Transfer Service via the online booking form or calling us on the number below.&#8221; font_container=&#8221;tag:h3|text_align:center|color:%23ffffff&#8221; use_theme_fonts=&#8221;yes&#8221;][\/vc_column_inner][vc_column_inner width=&#8221;1\/6&#8243;][\/vc_column_inner][\/vc_row_inner][vc_row_inner][vc_column_inner width=&#8221;1\/2&#8243;][vc_btn title=&#8221;+1 438-773-8577&#8243; style=&#8221;custom&#8221; custom_background=&#8221;#000000&#8243; custom_text=&#8221;#ffffff&#8221; size=&#8221;lg&#8221; align=&#8221;center&#8221; i_icon_fontawesome=&#8221;fas fa-phone-alt&#8221; add_icon=&#8221;true&#8221; link=&#8221;url:tel%3A%2B14387738577|title:438-773-8577|rel:nofollow&#8221; el_class=&#8221;phenix-bouton&#8221;][\/vc_column_inner][vc_column_inner width=&#8221;1\/2&#8243;][vc_btn title=&#8221;<span \n                data-original-string='Ef0rCz0DGy8QRKNCv10iKw==a97vPtEcVtI79dYceGt4LMBZ0bnT6OuFnSBVv66F\/duZmM='\n                class='apbct-email-encoder'\n                title='This contact has been encoded by Anti-Spam by CleanTalk. Click to decode. To finish the decoding make sure that JavaScript is enabled in your browser.'>co<span class=\"apbct-blur\">*****<\/span>@<span class=\"apbct-blur\">*****************<\/span>ne.com<\/span>&#8221; style=&#8221;custom&#8221; custom_background=&#8221;#000000&#8243; custom_text=&#8221;#ffffff&#8221; size=&#8221;lg&#8221; align=&#8221;center&#8221; i_icon_fontawesome=&#8221;far fa-envelope&#8221; add_icon=&#8221;true&#8221; link=&#8221;url:matilto%3Acontact%40royalmountlimousine.com|title:contact%40royalmountlimousine.com|rel:nofollow&#8221; el_class=&#8221;phenix-bouton&#8221;][\/vc_column_inner][\/vc_row_inner][\/vc_column][\/vc_row]<\/p>\n<\/div>","protected":false},"excerpt":{"rendered":"<p>[vc_row css=&#8221;.vc_custom_1498849689180{margin-top: 0px !important;margin-bottom: 0px !important;border-top-width: 0px !important;border-bottom-width: 0px !important;padding-top: 50px !important;padding-bottom: 100px !important;}&#8221;][vc_column][vc_row_inner][vc_column_inner][vc_column_text] TARIFS UNIQUES , INVARIABLES &amp; TRANSPARENTS Tarifs limousine \u00e0 Montr\u00e9al [\/vc_column_text][\/vc_column_inner][\/vc_row_inner][vc_row_inner el_class=&#8221;container&#8221; css=&#8221;.vc_custom_1498921400414{margin-top: 0px !important;margin-bottom: 0px !important;border-top-width: 0px !important;border-bottom-width: 0px !important;padding-top: 0px !important;padding-bottom: 0px !important;}&#8221; el_id=&#8221;phenix-tarifs&#8221;][vc_column_inner][\/vc_column_inner][\/vc_row_inner][\/vc_column][\/vc_row][vc_row][vc_column][vc_row_inner el_class=&#8221;container&#8221;][vc_column_inner][vc_column_text] D\u00e9couvrez les Tarifs de Limousine \u00e0 Montr\u00e9al avec Royal Mount Limousine | Tarifs limousine [&hellip;]<\/p>\n","protected":false},"author":2,"featured_media":13672,"parent":0,"menu_order":2,"comment_status":"closed","ping_status":"closed","template":"page-fullwidth.php","meta":{"footnotes":""},"class_list":["post-13712","page","type-page","status-publish","has-post-thumbnail","hentry"],"_links":{"self":[{"href":"https:\/\/royalmountlimousine.com\/fr\/wp-json\/wp\/v2\/pages\/13712","targetHints":{"allow":["GET"]}}],"collection":[{"href":"https:\/\/royalmountlimousine.com\/fr\/wp-json\/wp\/v2\/pages"}],"about":[{"href":"https:\/\/royalmountlimousine.com\/fr\/wp-json\/wp\/v2\/types\/page"}],"author":[{"embeddable":true,"href":"https:\/\/royalmountlimousine.com\/fr\/wp-json\/wp\/v2\/users\/2"}],"replies":[{"embeddable":true,"href":"https:\/\/royalmountlimousine.com\/fr\/wp-json\/wp\/v2\/comments?post=13712"}],"version-history":[{"count":2,"href":"https:\/\/royalmountlimousine.com\/fr\/wp-json\/wp\/v2\/pages\/13712\/revisions"}],"predecessor-version":[{"id":13722,"href":"https:\/\/royalmountlimousine.com\/fr\/wp-json\/wp\/v2\/pages\/13712\/revisions\/13722"}],"wp:featuredmedia":[{"embeddable":true,"href":"https:\/\/royalmountlimousine.com\/fr\/wp-json\/wp\/v2\/media\/13672"}],"wp:attachment":[{"href":"https:\/\/royalmountlimousine.com\/fr\/wp-json\/wp\/v2\/media?parent=13712"}],"curies":[{"name":"wp","href":"https:\/\/api.w.org\/{rel}","templated":true}]}}