{"id":13713,"date":"2023-10-23T19:09:08","date_gmt":"2023-10-23T18:09:08","guid":{"rendered":"https:\/\/royalmountlimousine.com\/?page_id=13713"},"modified":"2024-05-16T12:56:15","modified_gmt":"2024-05-16T11:56:15","slug":"nos-vehicules","status":"publish","type":"page","link":"https:\/\/royalmountlimousine.com\/fr\/nos-vehicules\/","title":{"rendered":"Nos vehicules"},"content":{"rendered":"<div class=\"wpb-content-wrapper\"><p>[vc_row equal_height=&#8221;yes&#8221; content_placement=&#8221;middle&#8221; css=&#8221;.vc_custom_1698079471244{padding-top: 50px !important;padding-bottom: 25px !important;background-color: #ffffff !important;}&#8221;][vc_column][vc_row_inner][vc_column_inner][vc_custom_heading text=&#8221;LIMOUSINE FLEET&#8221; font_container=&#8221;tag:h2|text_align:center&#8221; use_theme_fonts=&#8221;yes&#8221; css=&#8221;.vc_custom_1698072257433{margin-top: 0px !important;margin-bottom: 0px !important;border-top-width: 0px !important;border-bottom-width: 0px !important;padding-top: 0px !important;padding-bottom: 0px !important;}&#8221;][vc_empty_space height=&#8221;20px&#8221;][vc_separator color=&#8221;custom&#8221; border_width=&#8221;4&#8243; el_width=&#8221;10&#8243; accent_color=&#8221;#000000&#8243;][\/vc_column_inner][\/vc_row_inner][vc_row_inner equal_height=&#8221;yes&#8221; el_class=&#8221;container&#8221;][vc_column_inner width=&#8221;1\/2&#8243;][vc_single_image image=&#8221;13164&#8243; img_size=&#8221;full&#8221; alignment=&#8221;center&#8221;][vc_column_text]<\/p>\n<h3 style=\"text-align: center;\">Mercedes S Class 580<\/h3>\n<p style=\"text-align: center;\">4 people max<br \/>\n4 pieces of luggage<br \/>\nNew 2023<\/p>\n<p>[\/vc_column_text][\/vc_column_inner][vc_column_inner width=&#8221;1\/2&#8243;][vc_single_image image=&#8221;13185&#8243; img_size=&#8221;full&#8221; alignment=&#8221;center&#8221;][vc_column_text]<\/p>\n<h3 style=\"text-align: center;\">Mercedes EQS 580 electric \u26a1\ufe0f<\/h3>\n<p style=\"text-align: center;\">4 people max<br \/>\n4 pieces of luggage<br \/>\nNew 2023<\/p>\n<p>[\/vc_column_text][\/vc_column_inner][\/vc_row_inner][vc_row_inner equal_height=&#8221;yes&#8221; el_class=&#8221;container&#8221;][vc_column_inner width=&#8221;1\/2&#8243;][vc_single_image image=&#8221;13186&#8243; img_size=&#8221;full&#8221; alignment=&#8221;center&#8221;][vc_column_text]<\/p>\n<h3 style=\"text-align: center;\">Cadillac Escalade ESV<\/h3>\n<p style=\"text-align: center;\">6 Passenger 5 luggage<br \/>\nplenty of room + comfort<br \/>\nNew 2023<\/p>\n<p>[\/vc_column_text][\/vc_column_inner][vc_column_inner width=&#8221;1\/2&#8243; css=&#8221;.vc_custom_1698831047175{margin-top: -25px !important;}&#8221;][vc_single_image image=&#8221;13212&#8243; img_size=&#8221;full&#8221; alignment=&#8221;center&#8221;][vc_column_text css=&#8221;.vc_custom_1698831038525{margin-top: -25px !important;}&#8221;]<\/p>\n<h3 style=\"text-align: center;\">GMC Yukon XL 2023<\/h3>\n<p style=\"text-align: center;\">6 Passenger<br \/>\n6 luggages<br \/>\nNew 2023<\/p>\n<p>[\/vc_column_text][\/vc_column_inner][\/vc_row_inner][vc_row_inner equal_height=&#8221;yes&#8221; el_class=&#8221;container&#8221;][vc_column_inner width=&#8221;1\/2&#8243;][vc_single_image image=&#8221;13263&#8243; img_size=&#8221;full&#8221; alignment=&#8221;center&#8221;][vc_column_text]<\/p>\n<h3 style=\"text-align: center;\">Mercedes E 450 2023<\/h3>\n<p style=\"text-align: center;\">4 Passenger<br \/>\n4 luggages<br \/>\nNew 2023<\/p>\n<p>[\/vc_column_text][\/vc_column_inner][vc_column_inner width=&#8221;1\/2&#8243;][vc_single_image image=&#8221;13188&#8243; img_size=&#8221;full&#8221; alignment=&#8221;center&#8221;][vc_column_text]<\/p>\n<h3 style=\"text-align: center;\">Cadillac Lyric<\/h3>\n<p style=\"text-align: center;\">4 Passenger<br \/>\n4 luggages<br \/>\nNew 2023<\/p>\n<p>[\/vc_column_text][\/vc_column_inner][\/vc_row_inner][\/vc_column][\/vc_row][vc_row content_placement=&#8221;middle&#8221; css=&#8221;.vc_custom_1681328090394{margin-top: 0px !important;margin-bottom: 0px !important;border-top-width: 0px !important;border-bottom-width: 0px !important;padding-top: 100px !important;padding-bottom: 100px !important;background-image: url(https:\/\/royalmountlimousine.com\/wp-content\/uploads\/2023\/04\/Poignee-Voiture-Page-Reservations-scaled.jpg?id=12443) !important;background-position: center !important;background-repeat: no-repeat !important;background-size: cover !important;}&#8221; font_color=&#8221;#ffffff&#8221;][vc_column][vc_row_inner css=&#8221;.vc_custom_1698084593859{padding-top: 50px !important;}&#8221;][vc_column_inner width=&#8221;1\/6&#8243;][\/vc_column_inner][vc_column_inner width=&#8221;2\/3&#8243;][vc_custom_heading text=&#8221;<b>BESOIN DE PLUS D&#8217;INFORMATIONS\u00a0?<\/b>&#8221; font_container=&#8221;tag:h2|text_align:center|color:%23ffffff&#8221; use_theme_fonts=&#8221;yes&#8221;][vc_custom_heading text=&#8221;Faites une r\u00e9servation pour votre service de transfert a\u00e9roport via le formulaire de r\u00e9servation en ligne ou en nous appelant au num\u00e9ro ci-dessous.&#8221; font_container=&#8221;tag:h3|text_align:center|color:%23ffffff&#8221; use_theme_fonts=&#8221;yes&#8221;][\/vc_column_inner][vc_column_inner width=&#8221;1\/6&#8243;][\/vc_column_inner][\/vc_row_inner][vc_row_inner css=&#8221;.vc_custom_1698084588026{padding-top: 50px !important;padding-bottom: 50px !important;}&#8221;][vc_column_inner width=&#8221;1\/4&#8243;][\/vc_column_inner][vc_column_inner width=&#8221;1\/4&#8243;][vc_btn title=&#8221;+1 438 773-8577&#8243; style=&#8221;custom&#8221; custom_background=&#8221;#000000&#8243; custom_text=&#8221;#ffffff&#8221; size=&#8221;lg&#8221; align=&#8221;center&#8221; i_icon_fontawesome=&#8221;fas fa-phone-alt&#8221; add_icon=&#8221;true&#8221; link=&#8221;url:tel%3A%2B14387738577|title:%2B1%20438%20773-8577|rel:nofollow&#8221; el_class=&#8221;phenix-bouton&#8221;][\/vc_column_inner][vc_column_inner width=&#8221;1\/4&#8243;][vc_btn title=&#8221;<span \n                data-original-string='EK3WtbyWgRMVHsyscW\/RDQ==a97lSQ2gFIVMnj1YEihkolP7Xzn2wlmrHtbw3LgS8eBVJc='\n                class='apbct-email-encoder'\n                title='This contact has been encoded by Anti-Spam by CleanTalk. Click to decode. To finish the decoding make sure that JavaScript is enabled in your browser.'>co<span class=\"apbct-blur\">*****<\/span>@<span class=\"apbct-blur\">*****************<\/span>ne.com<\/span>&#8221; style=&#8221;custom&#8221; custom_background=&#8221;#000000&#8243; custom_text=&#8221;#ffffff&#8221; size=&#8221;lg&#8221; align=&#8221;center&#8221; i_icon_fontawesome=&#8221;far fa-envelope&#8221; add_icon=&#8221;true&#8221; link=&#8221;url:matilto%3Acontact%40royalmountlimousine.com|title:contact%40royalmountlimousine.com|rel:nofollow&#8221; el_class=&#8221;phenix-bouton&#8221;][\/vc_column_inner][vc_column_inner width=&#8221;1\/4&#8243;][\/vc_column_inner][\/vc_row_inner][\/vc_column][\/vc_row]<\/p>\n<\/div>","protected":false},"excerpt":{"rendered":"<p>[vc_row equal_height=&#8221;yes&#8221; content_placement=&#8221;middle&#8221; css=&#8221;.vc_custom_1698079471244{padding-top: 50px !important;padding-bottom: 25px !important;background-color: #ffffff !important;}&#8221;][vc_column][vc_row_inner][vc_column_inner][vc_custom_heading text=&#8221;LIMOUSINE FLEET&#8221; font_container=&#8221;tag:h2|text_align:center&#8221; use_theme_fonts=&#8221;yes&#8221; css=&#8221;.vc_custom_1698072257433{margin-top: 0px !important;margin-bottom: 0px !important;border-top-width: 0px !important;border-bottom-width: 0px !important;padding-top: 0px !important;padding-bottom: 0px !important;}&#8221;][vc_empty_space height=&#8221;20px&#8221;][vc_separator color=&#8221;custom&#8221; border_width=&#8221;4&#8243; el_width=&#8221;10&#8243; accent_color=&#8221;#000000&#8243;][\/vc_column_inner][\/vc_row_inner][vc_row_inner equal_height=&#8221;yes&#8221; el_class=&#8221;container&#8221;][vc_column_inner width=&#8221;1\/2&#8243;][vc_single_image image=&#8221;13164&#8243; img_size=&#8221;full&#8221; alignment=&#8221;center&#8221;][vc_column_text] Mercedes S Class 580 4 people max 4 pieces of luggage New 2023 [\/vc_column_text][\/vc_column_inner][vc_column_inner width=&#8221;1\/2&#8243;][vc_single_image image=&#8221;13185&#8243; img_size=&#8221;full&#8221; [&hellip;]<\/p>\n","protected":false},"author":2,"featured_media":0,"parent":0,"menu_order":2,"comment_status":"closed","ping_status":"closed","template":"page-fullwidth.php","meta":{"footnotes":""},"class_list":["post-13713","page","type-page","status-publish","hentry"],"_links":{"self":[{"href":"https:\/\/royalmountlimousine.com\/fr\/wp-json\/wp\/v2\/pages\/13713","targetHints":{"allow":["GET"]}}],"collection":[{"href":"https:\/\/royalmountlimousine.com\/fr\/wp-json\/wp\/v2\/pages"}],"about":[{"href":"https:\/\/royalmountlimousine.com\/fr\/wp-json\/wp\/v2\/types\/page"}],"author":[{"embeddable":true,"href":"https:\/\/royalmountlimousine.com\/fr\/wp-json\/wp\/v2\/users\/2"}],"replies":[{"embeddable":true,"href":"https:\/\/royalmountlimousine.com\/fr\/wp-json\/wp\/v2\/comments?post=13713"}],"version-history":[{"count":2,"href":"https:\/\/royalmountlimousine.com\/fr\/wp-json\/wp\/v2\/pages\/13713\/revisions"}],"predecessor-version":[{"id":13724,"href":"https:\/\/royalmountlimousine.com\/fr\/wp-json\/wp\/v2\/pages\/13713\/revisions\/13724"}],"wp:attachment":[{"href":"https:\/\/royalmountlimousine.com\/fr\/wp-json\/wp\/v2\/media?parent=13713"}],"curies":[{"name":"wp","href":"https:\/\/api.w.org\/{rel}","templated":true}]}}