{"id":13714,"date":"2024-05-16T12:33:44","date_gmt":"2024-05-16T11:33:44","guid":{"rendered":"https:\/\/royalmountlimousine.com\/?page_id=13714"},"modified":"2024-05-22T11:34:37","modified_gmt":"2024-05-22T10:34:37","slug":"service-de-limousine-montrea","status":"publish","type":"page","link":"https:\/\/royalmountlimousine.com\/fr\/service-de-limousine-montrea\/","title":{"rendered":"Service de limousine Montr\u00e9al"},"content":{"rendered":"<div class=\"wpb-content-wrapper\"><p>[vc_row full_width=&#8221;stretch_row&#8221; css=&#8221;.vc_custom_1713781626394{background-image: url(https:\/\/royalmountlimousine.com\/wp-content\/uploads\/2024\/04\/montreal-506130_1920.webp?id=13542) !important;background-position: center !important;background-repeat: no-repeat !important;background-size: cover !important;}&#8221;][vc_column css=&#8221;.vc_custom_1609842260340{padding-top: 100px !important;}&#8221;][vc_row_inner content_placement=&#8221;middle&#8221; css=&#8221;.vc_custom_1716374010404{padding-top: 50px !important;padding-bottom: 30px !important;}&#8221; el_class=&#8221;container&#8221;][vc_column_inner el_class=&#8221;white&#8221; width=&#8221;1\/2&#8243;][vc_column_text css=&#8221;&#8221; el_class=&#8221;driver-list-home white&#8221;]<\/p>\n<h1>Service de limousine \u00e0 Montr\u00e9al<\/h1>\n<p><i class=\"fa fa-check\"><\/i> Fixed Price<br \/>\n<i class=\"fa fa-check\"><\/i> No Surge<br \/>\n<i class=\"fa fa-check\"><\/i> Local Or Long Distance Travel<br \/>\n<i class=\"fa fa-check\"><\/i> Bespoke Service[\/vc_column_text][\/vc_column_inner][vc_column_inner width=&#8221;1\/2&#8243;][vc_column_text]<div class=\"b-form\">\n <ul class=\"reservation-menu\">\n        <li id=\"vtc-control-new\" class=\"active\">Ride<\/li>\n        <li id=\"vtc-control-edit\" >By the hour<\/li>\n    <\/ul>\n\t\n\t<div class=\"signup-header\">\n   \n     <form id=\"vtc-cancel-form\" class=\"form-header hide\" method=\"GET\" class=\"form-header gogole-auto two-date-form\" action=\"https:\/\/royalmountlimousine.com\/next\/\" method=\"POST\" autocomplete=\"off\">\n\t<div class=\"booking-status\"><\/div>\n\t<input type=\"hidden\" name=\"vtc-action\" value=\"classic-b-1-is-submited\" \/>\n\t<div id=\"booking_control\" class=\"booking_control\">\n\t\t<input type=\"hidden\" name=\"actionf\" value=\"hourly\" \/>\n\t\t<input type=\"hidden\" id=\"f-country2\" name=\"country\" value=\"switzerland\" \/>\n\t\t<input type=\"hidden\" id=\"booking_is_pickupfromairporth\" name=\"booking_is_pickupfromairport\" value=\"0\">\n\n\n\t\t<div class=\"row vtc-form-fields\" style=\"position: relative; margin-bottom: 15px;\">\n\t\t\t<div class=\"form-group col-md-12\">\n\t\t\t\t<div class=\"row\">\n\t\t\t\t\t<div class=\"col-xs-7 col-sm-6 col-md-4\">\n\t\t\t\t\t\t<label for=\"hbooking_pickup_time\">Pickup date <\/label>\n\t\t\t\t\t\t<div id=\"hd-pick_update\" class=\"form-group\">\n\t\t\t\t\t\t\t<input class=\"form-control\" name=\"hbooking_pickup_date\" id=\"hbooking_pickup_date\" type=\"text\" placeholder=\"Date  de d\u00e9part\" required \/>\n\t\t\t\t\t\t\t<a class=\"add-on btn-geolocation btn-calendar h_date-\"><i class=\"pe-7s-date\"><\/i><\/a>\n\t\t\t\t\t\t<\/div>\n\t\t\t\t\t<\/div>\n\t\t\t\t\t<div class=\"col-xs-5 col-sm-6 col-md-4\">\n\t\t\t\t\t\t<label for=\"hbooking_pickup_time\">Pickup time <\/label>\n\t\t\t\t\t\t<div class=\"label-time\">\n\t\t\t\t\t\t\t<input type=\"text\" name=\"hbooking_pickup_time\" id=\"hbooking_pickup_time\" class=\"form-control\" placeholder=\"00:00\" required  \/>\n\t\t\t\t\t\t\t<a class=\"add-on btn-geolocation btn-calendar btn-h-time time3-\"><i class=\"pe-7s-clock\"><\/i><\/a>\n\t\t\t\t\t\t<\/div>\n\t\t\t\t\t<\/div>\n\t\t\t\t<\/div>\n\t\t\t<\/div>\n\n\t\t\t<div class=\"form-group col-md-12\">\n\t\t\t\t<input type=\"text\" name=\"hbooking_pickup_address\" id=\"hbooking_pickup_address\" class=\"form-control\" placeholder=\"Adresse de d\u00e9part\" required=\"\" \/>\n\t\t\t\t<input type=\"hidden\" id=\"hbooking_pickup_lat\" name=\"hbooking_pickup_lat\" value=\"\">\n\t\t\t\t<input type=\"hidden\" id=\"hbooking_pickup_long\" name=\"hbooking_pickup_long\" value=\"\">\n\t\t\t\t<a class=\"btn-geolocation btn-geolocation1\" onclick=\"getLocation()\"><i class=\"pe-7s-map-marker\"><\/i><\/a>\n\t\t\t<\/div>\n\t\t\t<div id=\"hpickup-status\" class=\"status\"><\/div>\n\n\t\t\t<div class=\"form-group col-md-12\">\n\t\t\t\t<label for=\"booking_hours_number\">Duration <\/label>\n\t\t\t\t<div class=\"label-select\">\n\t\t\t\t\t<select name=\"booking_hours_number\" id=\"booking_hours_number\" class=\"form-control\">\n\t\t\t\t\t\t<option value=\"2\">2&nbsp;Hours<\/option>\n\t\t\t\t\t\t<option value=\"3\">3&nbsp;Hours<\/option>\n\t\t\t\t\t\t<option value=\"4\">4&nbsp;Hours<\/option>\n\t\t\t\t\t\t<option value=\"5\">5&nbsp;Hours<\/option>\n\t\t\t\t\t\t<option value=\"6\">6&nbsp;Hours<\/option>\n\t\t\t\t\t\t<option value=\"7\">7&nbsp;Hours<\/option>\n\t\t\t\t\t\t<option value=\"8\">8&nbsp;Hours<\/option>\n\t\t\t\t\t\t<option value=\"9\">9&nbsp;Hours<\/option>\n\t\t\t\t\t\t<option value=\"10\">10&nbsp;Hours<\/option>\n\t\t\t\t\t\t<option value=\"11\">11&nbsp;Hours<\/option>\n\t\t\t\t\t\t<option value=\"12\">12&nbsp;Hours<\/option>\n\t\t\t\t\t<\/select>\n\t\t\t\t<\/div>\n\t\t\t<\/div>\n\t\t\t<!-- .\/location -->\n\t\t<\/div>\n\n\t\t<div class=\"form-group last vtc-submit-area\" style=\"margin-top: auto;\">\n\t\t\t<input type=\"submit\" id=\"hfind_direction\" class=\"btn btn-warning btn-block btn-lg\" value=\"OBTENEZ UN DEVIS\" \/>\n\t\t\t<i class=\"load_icon pe-7s-refresh pe-spin directionLoad hide\"> <\/i>\n\t\t<\/div>\n\t<\/div>\n<\/form>\n    <form id=\"booking-google-form\" class=\"form-header gogole-auto two-date-form\" action=\"https:\/\/royalmountlimousine.com\/next\/\" method=\"GET\"> \n\t\t<div class=\"booking-status\"><\/div>\n        <input type=\"hidden\" name=\"actionf\" value=\"normal\" \/>\n\t\t<input type=\"hidden\" name=\"vtc-action\" value=\"classic-b-1-is-submited\">\n\t\t<div id=\"booking_control\" class=\"booking_control\">\n\t\t\t\n\n\t\t\t<div class=\"row vtc-form-fields\" style=\"position:relative; margin-bottom: 15px;\">\n\n\t\t\t\t<input type=\"hidden\" id=\"booking_distance\" name=\"booking_distance\" value=\"\">\n\t\t\t\t<input type=\"hidden\" id=\"booking_duration\" name=\"booking_duration\" value=\"\">\n\t\t\t\t<input type=\"hidden\" id=\"booking_is_pickupfromairport\" name=\"booking_is_pickupfromairport\" value=\"0\">\n\t\t\t\t<input type=\"hidden\" id=\"booking_is_destinationfromairport\" name=\"booking_is_destinationfromairport\" value=\"0\">\n\n\t\t\t\t<input type=\"hidden\" id=\"booking_pickup_lat\" name=\"booking_pickup_lat\" value=\"\">\n\t\t\t\t<input type=\"hidden\" id=\"booking_pickup_long\" name=\"booking_pickup_long\" value=\"\">\n\t\t\t\t<div class=\"form-group col-md-12\">\n\t\t\t\t\t<input type=\"text\" name=\"booking_pickup_address\" id=\"booking_pickup_address\" class=\"form-control\" placeholder=\"Adresse de d\u00e9part\" required=\"\">                                          \n\t\t\t\t\t<a class=\"btn-geolocation btn-geolocation1\" onclick=\"getLocation()\" href=\"#\"><i class=\"pe-7s-map-marker\"><\/i><\/a>\n\t\t\t\t<\/div>\n\t\t\t\t<div id=\"pickup-status\" class=\"status\"><\/div>\n\t\t\t\t<input type=\"hidden\" id=\"booking_destination_lat\" name=\"booking_destination_lat\" value=\"\">\n\t\t\t\t<input type=\"hidden\" id=\"booking_destination_long\" name=\"booking_destination_long\" value=\"\">\n\t\t\t\t<div class=\"form-group col-md-12\">\n\t\t\t\t\t<input type=\"text\" name=\"booking_destination\" id=\"booking_destination\" class=\"form-control\"  placeholder=\"Adresse d'arriv\u00e9e \" required=\"\">                                          \n\t\t\t\t\t<a class=\"btn-geolocation btn-geolocation2\" onclick=\"getLocationDestination()\" href=\"#\"><i class=\"pe-7s-map-marker\"><\/i><\/a>\n\t\t\t\t<\/div>      \n\t\t\t\t <div id=\"destination-status\" class=\"status\"><\/div>                           \n\t\t\t\t<!-- .\/location -->\n\n\n\t\t\t\t<div> \t\n\t\t\t\t\t<div class=\"form-group col-md-12 hide\">                                     \n\t\t\t\t\t\t<input type=\"hidden\"  id=\"car-id\" value=\"\">     \n\t\t\t\t\t\t<div class=\"label-select\">  \n\t\t\t\t\t\t\t<select name=\"booking_booking_type_id\" class=\"form-control\" id=\"f-showme-all\"  required=\"\">\n\t\t\t\t\t\t\t\t<option value=\"13272\">Business Sedan<\/option><option value=\"13214\">Business SUV<\/option><option value=\"12623\">Business Premium SUV<\/option><option value=\"12622\">Business Electric<\/option>   \n\t\t\t\t\t\t\t<\/select> \n\t\t\t\t\t\t<\/div>\n\t\t\t\t\t<\/div> \n\t\t\t\t\t\n\t\t\t\t<\/div>  \n\n\t\t\t\t<div class=\"col-md-12\"><hr style=\"margin-top: 0px;\"><\/div>\n\t\t\t\n\n\t\t\t\t<div class=\"form-group col-md-12\" style=\"padding-top: 20px;\">\n\t\t\t\t\t<div class=\"row\">\n\t\t\t\t\t\t<div class=\"col-xs-7 col-sm-6 col-md-4 date-p-r \">\n\t\t\t\t\t\t\t<label for=\"booking_pickup_date\">Pickup date <\/label>\n\t\t\t\t\t\t\t<div id=\"d-pick_update\" class=\"form-group\">\n\t\t\t\t\t\t\t\t<input class=\"form-control\" name=\"booking_pickup_date\" id=\"booking_pickup_date\" type=\"text\" placeholder=\"Date  de d\u00e9part\" required=\"\">\n\t\t\t\t\t\t\t\t<a class=\"add-on btn-geolocation btn-calendar date1-\" href=\"#\"><i class=\"pe-7s-date\"><\/i><\/a>\n\t\t\t\t\t\t\t<\/div>\n\t\t\t\t\t\t<\/div>\n\t\t\t\t\t\t<div class=\"col-xs-5 col-sm-6 col-md-4 time-p-r-l\">\n\t\t\t\t\t\t\t<label for=\"booking_pickup_time\">Pickup time <\/label>\n\t\t\t\t\t\t\t<div class=\"label-time label-time2 date form-group\">\n\t\t\t\t\t\t\t\t<input type=\"text\" name=\"booking_pickup_time\" id=\"booking_pickup_time\"class=\"form-control\" required=\"\">\n\t\t\t\t\t\t\t\t<a class=\"add-on btn-geolocation btn-time2 btn-calendar time1-\"><i class=\"pe-7s-clock\"><\/i><\/a>\n\t\t\t\t\t\t\t<\/div>\n\t\t\t\t\t\t<\/div>\n\t\t\t\t\t\t<div class=\"col-xs-12 col-md-4 direction-p-l\">\n\t\t\t\t\t\t\t<label for=\"booking_round_trip\">ADD RETURN<\/label>\n\t\t\t\t\t\t\t<div class=\"label-select\">  \n\t\t\t\t\t\t\t\t<select name=\"booking_round_trip\" id=\"booking_round_trip\" class=\"form-control\" required=\"\" > \n\t\t\t\t\t\t\t\t\t<option value=\"1\" selected >Aller simple<\/option>\n\t\t\t\t\t\t\t\t\t<option value=\"2\">Allez & Retour<\/option>\n\t\t\t\t\t\t\t\t<\/select>                                          \n\t\t\t\t\t\t\t<\/div>                                \n\t\t\t\t\t\t<\/div> \n\n\t\t\t\t\t<\/div>\n\t\t\t\t<\/div>\n\t\t\t\t<div class=\"form-group col-md-12 rt-date hide\" style=\"margin-bottom: 4px;\">\n\t\t\t\t\t<div class=\"row\">\n\t\t\t\t\t\t<div class=\"col-xs-7 col-sm-6 col-md-4 date-p-r \">\n\t\t\t\t\t\t\t<label for=\"booking_return_date\">Return date <\/label>\n\t\t\t\t\t\t\t<div id=\"d-retourn_update\" class=\"form-group\">\n\t\t\t\t\t\t\t\t<input class=\"form-control\" name=\"booking_return_date\" id=\"booking_return_date\" type=\"text\" placeholder=\"Date de retour\" >\n\t\t\t\t\t\t\t\t<a class=\"add-on btn-geolocation btn-calendar date2-\" href=\"#\"><i class=\"pe-7s-date\"><\/i><\/a>\n\t\t\t\t\t\t\t<\/div>\n\t\t\t\t\t\t<\/div>\n\t\t\t\t\t\t<div class=\"col-xs-5 col-md-4\">\n\t\t\t\t\t\t\t<label for=\"booking_return_time\">Time <\/label>\n\t\t\t\t\t\t\t<div class=\"label-time label-time3 form-group\">  \n\t\t\t\t\t\t\t\t<input type=\"text\" name=\"booking_return_time\" id=\"booking_return_time\"class=\"form-control\" >\n\t\t\t\t\t\t\t\t<a class=\"add-on btn-geolocation btn-time2 btn-calendar time2-\"><i class=\"pe-7s-clock\"><\/i><\/a>\n\t\t\t\t\t\t\t<\/div>\n\t\t\t\t\t\t<\/div>\n\t\t\t\t\t<\/div>\n\t\t\t\t<\/div>  \n\n\t\t\t\t<div class=\"privew-car\"><\/div>\n\t\t\t<\/div>\n \n\t\t\t<div class=\"map_div hide-map\">\n\t\t\t\t<a class=\"close_map\"><i class=\"pe-7s-close\"><\/i><\/a>\n\t\t\t\t<div id=\"map_canvas\"><\/div> \n\t\t\t<\/div>\n\t\t\t<div class=\"form-group last vtc-submit-area\">\n\t\t\t\t<input type=\"submit\" id=\"find_direction\" class=\" btn btn-warning btn-block btn-lg\" value=\"OBTENEZ UN DEVIS\">\n\t\t\t\t<i class=\"load_icon pe-7s-refresh pe-spin directionLoad hide\"> <\/i>\n\t\t\t<\/div>\n\t\t<\/div>                                   \n\t<\/form>\n<\/div>\n\n\n\t\n<\/div>[\/vc_column_text][\/vc_column_inner][\/vc_row_inner][vc_row_inner][vc_column_inner][vc_empty_space height=&#8221;50px&#8221;][\/vc_column_inner][\/vc_row_inner][\/vc_column][\/vc_row][vc_row][vc_column][vc_row_inner css=&#8221;.vc_custom_1716374031341{padding-top: 50px !important;padding-bottom: 50px !important;}&#8221; el_class=&#8221;container&#8221;][vc_column_inner width=&#8221;1\/3&#8243;][vc_single_image image=&#8221;13544&#8243; img_size=&#8221;full&#8221; alignment=&#8221;center&#8221;][vc_column_text css=&#8221;&#8221;]<\/p>\n<h2 class=\"h3\" style=\"text-align: center;\">Prix \u00e9quitable<\/h2>\n<div class=\"subtitle\" style=\"text-align: center;\">Faites l&#8217;exp\u00e9rience d&#8217;un service de premier ordre \u00e0 des tarifs bas\u00e9s sur la distance qui sont justes et raisonnables pour vous et nos chauffeurs.<\/div>\n<p>[\/vc_column_text][\/vc_column_inner][vc_column_inner width=&#8221;1\/3&#8243;][vc_single_image image=&#8221;13549&#8243; img_size=&#8221;full&#8221; alignment=&#8221;center&#8221;][vc_column_text css=&#8221;&#8221;]<\/p>\n<h2 class=\"h3\" style=\"text-align: center;\">Transport sans effort<\/h2>\n<div class=\"subtitle\" style=\"text-align: center;\">D\u00e9tendez-vous gr\u00e2ce \u00e0 notre p\u00e9riode d&#8217;attente gratuite d&#8217;une heure et \u00e0 notre fonction de suivi des vols.<\/div>\n<p>[\/vc_column_text][\/vc_column_inner][vc_column_inner width=&#8221;1\/3&#8243;][vc_single_image image=&#8221;13550&#8243; img_size=&#8221;full&#8221; alignment=&#8221;center&#8221;][vc_column_text css=&#8221;&#8221;]<\/p>\n<h2 class=\"h3\" style=\"text-align: center;\">Transferts personnalis\u00e9s<\/h2>\n<div class=\"subtitle\" style=\"text-align: center;\">Maintenez la flexibilit\u00e9 et le contr\u00f4le de votre emploi du temps. Annulez ou modifiez sans effort n&#8217;importe quel trajet avec facilit\u00e9 et commodit\u00e9.<\/div>\n<p>[\/vc_column_text][\/vc_column_inner][\/vc_row_inner][\/vc_column][\/vc_row][vc_row full_width=&#8221;stretch_row&#8221; css=&#8221;.vc_custom_1713784593550{background: #0a0a0a url(https:\/\/royalmountlimousine.com\/wp-content\/uploads\/2024\/04\/chauffeurs-de-lapresquile-1600-x-400.jpg?id=13553) !important;background-position: center !important;background-repeat: no-repeat !important;background-size: cover !important;}&#8221;][vc_column][vc_row_inner css=&#8221;.vc_custom_1716374038174{padding-top: 20px !important;padding-bottom: 20px !important;}&#8221; el_class=&#8221;container&#8221;][vc_column_inner][vc_column_text css=&#8221;&#8221; el_class=&#8221;white&#8221;]<\/p>\n<blockquote>\n<h2 class=\"chauffeur-more-then\" style=\"padding: 45px 15px; min-width: 350px; width: 501px; font-size: 47px; font-weight: bold !important; line-height: 50px;\">JE SUIS PLUS QUE<br \/>\nUN CHAUFFEUR<\/h2>\n<\/blockquote>\n<p>[\/vc_column_text][\/vc_column_inner][\/vc_row_inner][\/vc_column][\/vc_row][vc_row css=&#8221;.vc_custom_1713782165613{padding-top: 50px !important;padding-bottom: 50px !important;}&#8221;][vc_column][vc_row_inner el_class=&#8221;container&#8221;][vc_column_inner width=&#8221;1\/2&#8243;][vc_single_image image=&#8221;13536&#8243; img_size=&#8221;600&#215;500&#8243;][\/vc_column_inner][vc_column_inner width=&#8221;1\/2&#8243;][vc_column_text css=&#8221;&#8221;]<\/p>\n<h2>Service de limousine \u00e0 prix abordable \u00e0 Montr\u00e9al<\/h2>\n<p>Montr\u00e9al est une ville pleine de surprises, de sa fa\u00e7ade fran\u00e7aise du XVIIIe si\u00e8cle \u00e0 sa sc\u00e8ne culinaire moderne et avant-gardiste. C&#8217;est un paradis hivernal avec une ambiance tr\u00e8s europ\u00e9enne. Le <strong><em><a href=\"https:\/\/royalmountlimousine.com\/limousine-service-montreal\/\">Service de limousine<\/a> <\/em><\/strong>de Royalmount est la meilleure fa\u00e7on de se d\u00e9placer <a href=\"https:\/\/en.wikipedia.org\/wiki\/Montreal\" target=\"_blank\" rel=\"noopener\">Montr\u00e9al<\/a> que vous soyez en visite pour affaires ou pour le plaisir. Elle propose des voitures chaleureuses et confortables avec des chauffeurs professionnels parlant anglais et fran\u00e7ais, ce qui constitue un avantage consid\u00e9rable pour explorer la province francophone du Qu\u00e9bec. Que vos objectifs soient de visiter le Stade olympique, le Vieux-Port de Montr\u00e9al ou le quartier du Vieux-Montr\u00e9al, Royalmount Limousine vous permet de d\u00e9couvrir les attraits de la ville \u00e0 votre rythme pendant qu&#8217;un chauffeur de notre flotte soigneusement s\u00e9lectionn\u00e9e vous conduit.<br \/>\nPlanifiez simplement un service de limousine Royalmount si vous avez une r\u00e9union d&#8217;affaires cruciale au centre-ville pour vous assurer d&#8217;arriver calme et \u00e0 l&#8217;heure. Avec trois classes automobiles diff\u00e9rentes parmi lesquelles choisir, vous d\u00e9couvrirez peut-\u00eatre la voiture parfaite \u00e0 Montr\u00e9al qui r\u00e9pondra \u00e0 une gamme de besoins de voyage et de gammes de prix.[\/vc_column_text][\/vc_column_inner][\/vc_row_inner][vc_row_inner css=&#8221;.vc_custom_1716374070629{padding-top: 20px !important;padding-bottom: 20px !important;}&#8221; el_class=&#8221;container&#8221;][vc_column_inner width=&#8221;1\/2&#8243;][vc_column_text css=&#8221;&#8221;]<\/p>\n<h2>D\u00e9couvrez les merveilles culinaires de Montr\u00e9al avec Royalmount Limousine.<\/h2>\n<p>Montr\u00e9al est c\u00e9l\u00e9br\u00e9e comme l&#8217;\u00e9picentre du paysage culinaire canadien, r\u00e9put\u00e9e pour sa diversit\u00e9 de restaurants et de d\u00e9lices gastronomiques. R\u00e9servez une luxueuse limousine Royalmount pour une journ\u00e9e de plaisir, vous permettant de parcourir sans effort la sc\u00e8ne gastronomique anim\u00e9e de la ville avec confort et style.<\/p>\n<p>Nos chauffeurs de limousine experts de Montr\u00e9al poss\u00e8dent une connaissance approfondie de la r\u00e9gion et sont d\u00e9sireux de partager les joyaux gastronomiques cach\u00e9s de la ville. Pour ceux qui pr\u00e9f\u00e8rent une exp\u00e9rience culinaire plus sophistiqu\u00e9e, les choix sont presque infinis, alors que le Mile End et la Petite Italie ouvrent la voie sur la sc\u00e8ne culinaire moderne.<\/p>\n<p>Peu importe o\u00f9 votre palais vous guide, le service de voiture professionnel de Royalmount Limousine \u00e0 Montr\u00e9al assure un transport fiable et sans stress \u00e0 la fois dans la ville et \u00e0 travers le Canada. Offrez-vous l&#8217;aventure culinaire ultime et laissez Royalmount Limousine rehausser votre exp\u00e9rience.[\/vc_column_text][\/vc_column_inner][vc_column_inner width=&#8221;1\/2&#8243;][vc_single_image image=&#8221;12491&#8243; img_size=&#8221;600&#215;500&#8243;][\/vc_column_inner][\/vc_row_inner][vc_row_inner el_class=&#8221;container&#8221;][vc_column_inner width=&#8221;1\/2&#8243;][vc_single_image image=&#8221;10377&#8243; img_size=&#8221;600&#215;400&#8243;][\/vc_column_inner][vc_column_inner width=&#8221;1\/2&#8243;][vc_column_text css=&#8221;&#8221;]<\/p>\n<h2>Transport de luxe vers et depuis l&#8217;a\u00e9roport de Montr\u00e9al avec Royalmount Limousine<\/h2>\n<p>Notre service de transport haut de gamme garantit des voyages \u00e9l\u00e9gants et confortables, vous permettant de r\u00e9server longtemps \u00e0 l&#8217;avance pour une tranquillit\u00e9 d&#8217;esprit. Que vous soyez un voyageur d&#8217;affaires occup\u00e9 ou un chercheur de loisirs, nous accordons la priorit\u00e9 \u00e0 votre commodit\u00e9 en proposant des transferts fluides de l&#8217;a\u00e9roport \u00e0 votre h\u00f4tel \u00e0 Montr\u00e9al. \u00c0 votre arriv\u00e9e, votre chauffeur personnel vous accueillera directement \u00e0 la porte avec une pancarte personnalis\u00e9e, pr\u00eat \u00e0 vous aider avec vos bagages et \u00e0 vous guider vers votre limousine en attente. Avec Royalmount Limousine, les retards de vol ne sont pas une source de pr\u00e9occupation, car tous les transferts a\u00e9roportuaires incluent une heure d&#8217;attente gratuite et un suivi des vols en temps r\u00e9el pour une ponctualit\u00e9 optimale. La r\u00e9servation est rapide et simple gr\u00e2ce \u00e0 notre site Web et \u00e0 notre application conviviaux, garantissant un d\u00e9but ou une fin de voyage sans stress.<\/p>\n<p>R\u00e9servez votre <a href=\"https:\/\/royalmountlimousine.com\/\">transfert a\u00e9roport<\/a> \u00e0 Royalmount d\u00e8s aujourd&#8217;hui et rehaussez votre exp\u00e9rience de voyage avec \u00e9l\u00e9gance et sophistication.[\/vc_column_text][\/vc_column_inner][\/vc_row_inner][\/vc_column][\/vc_row][vc_row full_width=&#8221;stretch_row&#8221; content_placement=&#8221;middle&#8221; css=&#8221;.vc_custom_1713787000397{margin-top: 0px !important;margin-bottom: -45px !important;border-top-width: 0px !important;border-bottom-width: 0px !important;padding-top: 90px !important;padding-bottom: 90px !important;background-image: url(https:\/\/royalmountlimousine.com\/wp-content\/uploads\/2020\/11\/120602954_3882596235102685_3547698018656437731_n.jpg?id=10486) !important;background-position: center !important;background-repeat: no-repeat !important;background-size: cover !important;}&#8221; font_color=&#8221;#ffffff&#8221;][vc_column][vc_row_inner el_class=&#8221;container&#8221;][vc_column_inner width=&#8221;1\/6&#8243;][\/vc_column_inner][vc_column_inner width=&#8221;2\/3&#8243;][vc_custom_heading text=&#8221;BESOIN DE <b>PLUS D&#8217;INFORMATIONS<\/b> ?&#8221; font_container=&#8221;tag:h2|text_align:center|color:%23ffffff&#8221; use_theme_fonts=&#8221;yes&#8221; css=&#8221;.vc_custom_1716371931306{margin-top: 0px !important;margin-bottom: 0px !important;border-top-width: 0px !important;border-bottom-width: 0px !important;padding-top: 0px !important;padding-bottom: 0px !important;}&#8221;][vc_empty_space height=&#8221;10px&#8221;][vc_separator color=&#8221;custom&#8221; border_width=&#8221;2&#8243; el_width=&#8221;10&#8243; accent_color=&#8221;#ffffff&#8221;][vc_custom_heading text=&#8221;Faites une r\u00e9servation pour le transfert a\u00e9roport de Montr\u00e9al via le formulaire de r\u00e9servation ou par t\u00e9l\u00e9phone.&#8221; font_container=&#8221;tag:h3|text_align:center|color:%23ffffff&#8221; use_theme_fonts=&#8221;yes&#8221; css=&#8221;.vc_custom_1716371944191{margin-top: 0px !important;margin-bottom: 0px !important;border-top-width: 0px !important;border-bottom-width: 0px !important;padding-top: 0px !important;padding-bottom: 0px !important;}&#8221;][vc_empty_space height=&#8221;20px&#8221;][\/vc_column_inner][vc_column_inner width=&#8221;1\/6&#8243;][\/vc_column_inner][\/vc_row_inner][vc_row_inner el_class=&#8221;container&#8221;][vc_column_inner width=&#8221;1\/2&#8243;][vc_btn title=&#8221;+1 438 773-8577&#8243; style=&#8221;custom&#8221; custom_background=&#8221;#000000&#8243; custom_text=&#8221;#ffffff&#8221; size=&#8221;lg&#8221; align=&#8221;center&#8221; i_icon_fontawesome=&#8221;fas fa-phone-alt&#8221; css_animation=&#8221;none&#8221; add_icon=&#8221;true&#8221; link=&#8221;url:tel%3A%2B14387738577|title:%2B44%20203%20827%207777&#8243;][\/vc_column_inner][vc_column_inner width=&#8221;1\/2&#8243;][vc_btn title=&#8221;Envoyer un e-mail&#8221; style=&#8221;custom&#8221; custom_background=&#8221;#000000&#8243; custom_text=&#8221;#ffffff&#8221; size=&#8221;lg&#8221; align=&#8221;center&#8221; i_icon_fontawesome=&#8221;far fa-envelope&#8221; css=&#8221;&#8221; add_icon=&#8221;true&#8221; link=&#8221;url:matilto%3Acontact%40royalmountlimousine.com|title:contact%40royalmountlimousine.com|rel:nofollow&#8221; el_class=&#8221;phenix-bouton&#8221;][\/vc_column_inner][\/vc_row_inner][\/vc_column][\/vc_row]<\/p>\n<\/div>","protected":false},"excerpt":{"rendered":"<p>[vc_row full_width=&#8221;stretch_row&#8221; css=&#8221;.vc_custom_1713781626394{background-image: url(https:\/\/royalmountlimousine.com\/wp-content\/uploads\/2024\/04\/montreal-506130_1920.webp?id=13542) !important;background-position: center !important;background-repeat: no-repeat !important;background-size: cover !important;}&#8221;][vc_column css=&#8221;.vc_custom_1609842260340{padding-top: 100px !important;}&#8221;][vc_row_inner content_placement=&#8221;middle&#8221; css=&#8221;.vc_custom_1716374010404{padding-top: 50px !important;padding-bottom: 30px !important;}&#8221; el_class=&#8221;container&#8221;][vc_column_inner el_class=&#8221;white&#8221; width=&#8221;1\/2&#8243;][vc_column_text css=&#8221;&#8221; el_class=&#8221;driver-list-home white&#8221;] Service de limousine \u00e0 Montr\u00e9al Fixed Price No Surge Local Or Long Distance Travel Bespoke Service[\/vc_column_text][\/vc_column_inner][vc_column_inner width=&#8221;1\/2&#8243;][vc_column_text][\/vc_column_text][\/vc_column_inner][\/vc_row_inner][vc_row_inner][vc_column_inner][vc_empty_space height=&#8221;50px&#8221;][\/vc_column_inner][\/vc_row_inner][\/vc_column][\/vc_row][vc_row][vc_column][vc_row_inner css=&#8221;.vc_custom_1716374031341{padding-top: 50px !important;padding-bottom: 50px !important;}&#8221; el_class=&#8221;container&#8221;][vc_column_inner width=&#8221;1\/3&#8243;][vc_single_image image=&#8221;13544&#8243; img_size=&#8221;full&#8221; alignment=&#8221;center&#8221;][vc_column_text css=&#8221;&#8221;] [&hellip;]<\/p>\n","protected":false},"author":2,"featured_media":13601,"parent":0,"menu_order":1,"comment_status":"closed","ping_status":"closed","template":"full-with-no-header.php","meta":{"footnotes":""},"class_list":["post-13714","page","type-page","status-publish","has-post-thumbnail","hentry"],"_links":{"self":[{"href":"https:\/\/royalmountlimousine.com\/fr\/wp-json\/wp\/v2\/pages\/13714","targetHints":{"allow":["GET"]}}],"collection":[{"href":"https:\/\/royalmountlimousine.com\/fr\/wp-json\/wp\/v2\/pages"}],"about":[{"href":"https:\/\/royalmountlimousine.com\/fr\/wp-json\/wp\/v2\/types\/page"}],"author":[{"embeddable":true,"href":"https:\/\/royalmountlimousine.com\/fr\/wp-json\/wp\/v2\/users\/2"}],"replies":[{"embeddable":true,"href":"https:\/\/royalmountlimousine.com\/fr\/wp-json\/wp\/v2\/comments?post=13714"}],"version-history":[{"count":5,"href":"https:\/\/royalmountlimousine.com\/fr\/wp-json\/wp\/v2\/pages\/13714\/revisions"}],"predecessor-version":[{"id":13823,"href":"https:\/\/royalmountlimousine.com\/fr\/wp-json\/wp\/v2\/pages\/13714\/revisions\/13823"}],"wp:featuredmedia":[{"embeddable":true,"href":"https:\/\/royalmountlimousine.com\/fr\/wp-json\/wp\/v2\/media\/13601"}],"wp:attachment":[{"href":"https:\/\/royalmountlimousine.com\/fr\/wp-json\/wp\/v2\/media?parent=13714"}],"curies":[{"name":"wp","href":"https:\/\/api.w.org\/{rel}","templated":true}]}}